{"id":39094,"date":"2024-06-25T14:54:02","date_gmt":"2024-06-25T12:54:02","guid":{"rendered":"https:\/\/www.swisslearn.org\/?page_id=39094"},"modified":"2024-06-25T14:58:09","modified_gmt":"2024-06-25T12:58:09","slug":"histoire","status":"publish","type":"page","link":"https:\/\/www.swisslearn.org\/?page_id=39094","title":{"rendered":"Histoire"},"content":{"rendered":"\n<p>\u00a0<\/p>\n<p>\u00a0<\/p>\n\n\n        <div class=\"rttpg-block-postgrid rttpg-block-wrapper rttpg-block-61b65f tpg-filter-type-dropdown meta-visibility-show section-title-style-default img_hover_animation_default title-default title_position_default title_hover_border_default meta_position_default tpg-is-author-icon-default author-image-visibility-icon tpg-category-position-default readmore-btn-default-style grid-hover-overlay-type-always grid-hover-overlay-height-default hover-overlay-height-default tpg-title-border-default filter-nex-prev-btn-visible tpg-cat-style1 slider-scroll-hide act-label-style-inline\">\r\n            <div class=\"rt-container-fluid rt-tpg-container tpg-el-main-wrapper clearfix list-layout1-main\"\r\n                 id=\"rt-tpg-container-2079461716\"\r\n                 data-layout=\"list-layout1\"\r\n                 data-grid-style=\"tpg-even\" data-sc-id=\"elementor\"\r\n                 data-el-settings=''\r\n                 data-el-query=''\r\n                 data-el-path=''>\r\n\t\t\t\t<div class='tpg-header-wrapper '>\r\n        <div class=\"tpg-widget-heading-wrapper rt-clear heading-default \">\r\n            <span class=\"tpg-widget-heading-line line-left\"><\/span>\r\n\r\n\t\t\t<h2 class='tpg-widget-heading'>\r\n\t\t\t\r\n\t\t\t\t                    <span>\r\n                        Histoire                    <\/span>\r\n\t\t\t\t\t\r\n\t\t\t\t\t\t\t<\/h2>            <span class=\"tpg-widget-heading-line line-right\"><\/span>\r\n\r\n\t\t\t\r\n        <\/div>\r\n\r\n\t\t\r\n\t\t<\/div>\r\n                <div class=\"rt-row rt-content-loader gutenberg-inner list-layout1 tpg-even list-behaviour list-layout-wrapper\">\r\n\t\t\t\t\t\r\n<div class=\"rt-col-md-4 rt-col-sm-12 rt-col-xs-12 default rt-list-item rt-grid-item\" data-id=\"37591\">\r\n    <div class=\"rt-holder tpg-post-holder\">\r\n        <div class=\"rt-detail rt-el-content-wrapper\">\r\n\t\t\t\r\n            <div class=\"post-right-content\">\r\n\r\n\t\t\t\t<div class=\"entry-title-wrapper\"><h3 class=\"entry-title\"><a data-id=\"37591\" href=\"https:\/\/www.swisslearn.org\/?p=37591\" class=\"tpg-post-link\" target=\"_self\">R\u00e9volution am\u00e9ricaine<\/a><\/h3><\/div>\r\n\t\t\t\t                    <div class=\"post-meta-tags rt-el-post-meta\">\r\n\t\t\t\t\t\t            <span class='date'>\r\n\r\n\t\t\t\t<i class='flaticon-calendar '><\/i>\t\t\t\t<a href=\"https:\/\/www.swisslearn.org\/?m=20200406\">\r\n\t\t\t\t\t6 avril 2020\t\t\t\t<\/a>\r\n\t\t\t<\/span>\r\n\t\t\t                    <\/div>\r\n\t\t\t\t\r\n\t                                <div class=\"tpg-excerpt tpg-el-excerpt\">\r\n\t\t\t                                        <div class=\"tpg-excerpt-inner\">\r\n\t\t\t\t\t            Ici vous pouvez faire un rapide tour de la r\u00e9volution am\u00e9ricaines. Le cours est divis\u00e9 en trois&#8230;                            <\/div>\r\n\t\t\t            \t\t\t                                <\/div>\r\n\t            \r\n\t\t\t\t            <\/div>\r\n\r\n        <\/div>\r\n    <\/div>\r\n<\/div>\r\n<div class=\"rt-col-md-4 rt-col-sm-12 rt-col-xs-12 default rt-list-item rt-grid-item\" data-id=\"37584\">\r\n    <div class=\"rt-holder tpg-post-holder\">\r\n        <div class=\"rt-detail rt-el-content-wrapper\">\r\n\t\t\t\r\n            <div class=\"post-right-content\">\r\n\r\n\t\t\t\t<div class=\"entry-title-wrapper\"><h3 class=\"entry-title\"><a data-id=\"37584\" href=\"https:\/\/www.swisslearn.org\/?p=37584\" class=\"tpg-post-link\" target=\"_self\">R\u00e9volution fran\u00e7aise<\/a><\/h3><\/div>\r\n\t\t\t\t                    <div class=\"post-meta-tags rt-el-post-meta\">\r\n\t\t\t\t\t\t            <span class='date'>\r\n\r\n\t\t\t\t<i class='flaticon-calendar '><\/i>\t\t\t\t<a href=\"https:\/\/www.swisslearn.org\/?m=20200405\">\r\n\t\t\t\t\t5 avril 2020\t\t\t\t<\/a>\r\n\t\t\t<\/span>\r\n\t\t\t                    <\/div>\r\n\t\t\t\t\r\n\t                                <div class=\"tpg-excerpt tpg-el-excerpt\">\r\n\t\t\t                                        <div class=\"tpg-excerpt-inner\">\r\n\t\t\t\t\t            Ici vous pouvez faire un rapide tour de la r\u00e9volution fran\u00e7aise. Le cours est divis\u00e9 en trois&#8230;                            <\/div>\r\n\t\t\t            \t\t\t                                <\/div>\r\n\t            \r\n\t\t\t\t            <\/div>\r\n\r\n        <\/div>\r\n    <\/div>\r\n<\/div>                <\/div>\r\n\r\n\t\t\t\t\r\n            <\/div>\r\n        <\/div>\r\n\t\t","protected":false},"excerpt":{"rendered":"<p>\u00a0 \u00a0<\/p>\n","protected":false},"author":1,"featured_media":0,"parent":38121,"menu_order":0,"comment_status":"closed","ping_status":"closed","template":"","meta":{"_et_pb_use_builder":"off","_et_pb_old_content":"","_et_gb_content_width":"","_monsterinsights_skip_tracking":false,"_monsterinsights_sitenote_active":false,"_monsterinsights_sitenote_note":"","_monsterinsights_sitenote_category":0,"footnotes":""},"class_list":["post-39094","page","type-page","status-publish","hentry"],"blocksy_meta":"","rttpg_featured_image_url":null,"rttpg_author":{"display_name":"Bahram Zaerpour","author_link":"https:\/\/www.swisslearn.org\/?author=1"},"rttpg_comment":0,"rttpg_category":null,"rttpg_excerpt":"\u00a0 \u00a0","_links":{"self":[{"href":"https:\/\/www.swisslearn.org\/index.php?rest_route=\/wp\/v2\/pages\/39094"}],"collection":[{"href":"https:\/\/www.swisslearn.org\/index.php?rest_route=\/wp\/v2\/pages"}],"about":[{"href":"https:\/\/www.swisslearn.org\/index.php?rest_route=\/wp\/v2\/types\/page"}],"author":[{"embeddable":true,"href":"https:\/\/www.swisslearn.org\/index.php?rest_route=\/wp\/v2\/users\/1"}],"replies":[{"embeddable":true,"href":"https:\/\/www.swisslearn.org\/index.php?rest_route=%2Fwp%2Fv2%2Fcomments&post=39094"}],"version-history":[{"count":4,"href":"https:\/\/www.swisslearn.org\/index.php?rest_route=\/wp\/v2\/pages\/39094\/revisions"}],"predecessor-version":[{"id":39099,"href":"https:\/\/www.swisslearn.org\/index.php?rest_route=\/wp\/v2\/pages\/39094\/revisions\/39099"}],"up":[{"embeddable":true,"href":"https:\/\/www.swisslearn.org\/index.php?rest_route=\/wp\/v2\/pages\/38121"}],"wp:attachment":[{"href":"https:\/\/www.swisslearn.org\/index.php?rest_route=%2Fwp%2Fv2%2Fmedia&parent=39094"}],"curies":[{"name":"wp","href":"https:\/\/api.w.org\/{rel}","templated":true}]}}