{"id":38700,"date":"2024-02-22T18:52:04","date_gmt":"2024-02-22T17:52:04","guid":{"rendered":"https:\/\/www.swisslearn.org\/?page_id=38700"},"modified":"2026-04-13T16:12:00","modified_gmt":"2026-04-13T14:12:00","slug":"editions-swisslearn","status":"publish","type":"page","link":"https:\/\/www.swisslearn.org\/?page_id=38700","title":{"rendered":"Editions Swisslearn"},"content":{"rendered":"<h2>Exercices corrig\u00e9s et comment\u00e9s avec liens vers des cours en ligne<\/h2>\n<p><strong>Ces ouvrages sont les outils id\u00e9als pour une pr\u00e9paration rapide et efficace des examens de maturit\u00e9 suisse, de bac fran\u00e7ais ou de dipl\u00f4me d&rsquo;\u00e9tudes coll\u00e9giales (DEC) qu\u00e9b\u00e9cois.<\/strong><\/p>\n<table style=\"height: 780px; width: 100%; border-collapse: collapse; border-style: none;\">\n<tbody>\n<tr style=\"height: 401px;\">\n<td style=\"width: 19.3412%; border-style: none; height: 286px; vertical-align: top; border-color: #ffffff; text-align: center;\"><img loading=\"lazy\" decoding=\"async\" class=\"aligncenter wp-image-38738 size-full\" src=\"https:\/\/www.swisslearn.org\/wp-content\/uploads\/2024\/03\/geometrie-analytique-cover-1.jpeg\" alt=\"\" width=\"384\" height=\"543\" \/><a style=\"font-size: revert; font-family: inherit; font-weight: inherit; background-color: transparent; font-style: var(--fontStyle, inherit); letter-spacing: var(--letterSpacing); text-transform: var(--textTransform);\" href=\"https:\/\/www.swisslearn.org\/wp-content\/uploads\/2024\/03\/Geometrie-extrait.pdf\" target=\"_blank\" rel=\"noopener\">Voir un exrtait<\/a><\/td>\n<td style=\"vertical-align: top; width: 0.844595%; height: 286px; border-color: #ffffff;\"><strong><span style=\"font-size: 14pt;\">\u00a0<\/span><\/strong><\/td>\n<td style=\"vertical-align: top; width: 79.8141%; height: 286px; border-color: #ffffff;\"><span style=\"font-size: 18pt;\"><strong>G\u00e9om\u00e9trie Analytique<\/strong><\/span><br \/>\n<strong>Exercices corrig\u00e9s et comment\u00e9s<\/strong><br \/>\n<strong>Examens de Maturit\u00e9 Suisse<\/strong>La s\u00e9rie \u00ab Exercices corrig\u00e9s et comment\u00e9s \u00bb constitue une ressource compl\u00e8te pour l\u2019apprentissage, la r\u00e9vision et la pr\u00e9paration aux examens. Cet ouvrage regroupe l\u2019ensemble des probl\u00e8mes de g\u00e9om\u00e9trie analytique plane des sessions des examens de maturit\u00e9 suisse sur dix ans.Chaque exercice corrig\u00e9 est accompagn\u00e9 d\u2019explications d\u00e9taill\u00e9es visant \u00e0 clari\ufb01er les raisonnements et les r\u00e8gles math\u00e9matiques utilis\u00e9s. Ces explications sont enrichies de liens QR-CODE donnant acc\u00e8s \u00e0 des cours en ligne traitant des sujets directement li\u00e9s aux exercices. Ainsi, chaque utilisateur peut acc\u00e9der \u00e0 l\u2019essentiel en fonction de son niveau et de ses besoins.<br \/>\nIl est \u00e0 noter que les corrections fournies ne sont pas des corrig\u00e9s o\ufb03ciels des examens de maturit\u00e9 suisse.<\/p>\n<p><strong>Extrait :<\/strong> pour voir un extrait de cet ouvrage <a href=\"https:\/\/www.swisslearn.org\/wp-content\/uploads\/2024\/03\/Geometrie-extrait.pdf\" target=\"_blank\" rel=\"noopener\">cliquez sur ce lien.<\/a><\/p>\n<h3><strong>O\u00f9 trouver cet ouvrage ?<\/strong><\/h3>\n<p>Commander en ligne chez <strong><a href=\"https:\/\/www.lulu.com\/shop\/bahram-zaerpour\/g\u00e9om\u00e9trie-analytique\/paperback\/product-6nz9q8.html?q=swisslearn&amp;page=1&amp;pageSize=4\">LuluDirect<\/a><\/strong><br \/>\n<span style=\"font-size: 12pt;\">ou \u00e0 la <\/span><span style=\"font-size: 12pt;\"><strong><a href=\"https:\/\/www.payot.ch\/Detail\/9782970171201\">Librairie Payot<\/a>,\u00a0 place Petinet \u00e0 Lausanne.<\/strong><\/span><\/td>\n<\/tr>\n<tr style=\"height: 372px;\">\n<td style=\"width: 19.3412%; border-style: none; vertical-align: top; border-color: #ffffff; text-align: center; height: 372px;\"><img loading=\"lazy\" decoding=\"async\" class=\"alignnone wp-image-38745 size-full aligncenter\" src=\"https:\/\/www.swisslearn.org\/wp-content\/uploads\/2024\/03\/analyse-des-fonctions-cover.jpeg\" alt=\"\" width=\"384\" height=\"543\" \/><a href=\"https:\/\/www.swisslearn.org\/wp-content\/uploads\/2024\/03\/Analyse-extrait.pdf\" target=\"_blank\" rel=\"noopener\">Voir un extrait<\/a><\/td>\n<td style=\"vertical-align: top; width: 0.844595%; border-color: #ffffff; height: 372px;\"><strong><span style=\"font-size: 14pt;\">\u00a0<\/span><\/strong><\/td>\n<td style=\"vertical-align: top; width: 79.8141%; border-color: #ffffff; height: 372px;\"><strong> <span style=\"font-size: 18pt;\">Analyse des fonctions<\/span><br \/>\nExercices corrig\u00e9s et comment\u00e9s<br \/>\nExamens de Maturit\u00e9 Suisse<br \/>\n<\/strong>La s\u00e9rie \u00ab Exercices corrig\u00e9s et comment\u00e9s \u00bb constitue une ressource compl\u00e8te pour l\u2019apprentissage, la r\u00e9vision et la pr\u00e9paration aux examens. Cet ouvrage regroupe l\u2019ensemble des probl\u00e8mes d&rsquo;analyse de fonctions plane des sessions des examens de maturit\u00e9 suisse sur dix ans.Chaque exercice corrig\u00e9 est accompagn\u00e9 d\u2019explications d\u00e9taill\u00e9es visant \u00e0 clari\ufb01er les raisonnements et les r\u00e8gles math\u00e9matiques utilis\u00e9s. Ces explications sont enrichies de liens QR-CODE donnant acc\u00e8s \u00e0 des cours en ligne traitant des sujets directement li\u00e9s aux exercices. Ainsi, chaque utilisateur peut acc\u00e9der \u00e0 l\u2019essentiel en fonction de son niveau et de ses besoins.<br \/>\nIl est \u00e0 noter que les corrections fournies ne sont pas des corrig\u00e9s o\ufb03ciels des examens de maturit\u00e9 suisse.<\/p>\n<p><strong>Extrait :<\/strong> pour voir un extrait de cet ouvrage <a href=\"https:\/\/www.swisslearn.org\/wp-content\/uploads\/2024\/03\/Analyse-extrait.pdf\" target=\"_blank\" rel=\"noopener\">cliquez sur ce lien<\/a>.<\/p>\n<h3><strong>O\u00f9 trouver cet ouvrage ?<\/strong><\/h3>\n<p>Commander en ligne chez <strong><a href=\"https:\/\/www.lulu.com\/shop\/bahram-zaerpour\/analyse-des-fonctions\/paperback\/product-w448647.html?q=swisslearn&amp;page=1&amp;pageSize=4\">LuluDirect<\/a><\/strong><br \/>\n<span style=\"font-size: 12pt;\">ou \u00e0 la <\/span><span style=\"font-size: 12pt;\"><strong><a href=\"https:\/\/www.payot.ch\/Detail\/9782970171218\">Librairie Payot<\/a>,\u00a0 place Petinet \u00e0 Lausanne.<\/strong><\/span><\/p>\n<p>&nbsp;<\/td>\n<\/tr>\n<\/tbody>\n<\/table>\n<p><!-- \/wp:tadv\/classic-paragraph --><\/p>\n<style type='text\/css' media='all'>#rt-tpg-container-4002657678 .rt-holder .rt-woo-info .price{color:#0367bf;}body .rt-tpg-container .rt-tpg-isotope-buttons .selected,\r\n\t\t\t\t\t#rt-tpg-container-4002657678 .layout12 .rt-holder:hover .rt-detail,\r\n\t\t\t\t\t#rt-tpg-container-4002657678 .isotope8 .rt-holder:hover .rt-detail,\r\n\t\t\t\t\t#rt-tpg-container-4002657678 .carousel8 .rt-holder:hover .rt-detail,\r\n\t\t\t\t\t#rt-tpg-container-4002657678 .layout13 .rt-holder .overlay .post-info,\r\n\t\t\t\t\t#rt-tpg-container-4002657678 .isotope9 .rt-holder .overlay .post-info,\r\n\t\t\t\t\t#rt-tpg-container-4002657678.rt-tpg-container .layout4 .rt-holder .rt-detail,\r\n\t\t\t\t\t.rt-modal-4002657678 .md-content,\r\n\t\t\t\t\t.rt-modal-4002657678 .md-content > .rt-md-content-holder .rt-md-content,\r\n\t\t\t\t\t.rt-popup-wrap-4002657678.rt-popup-wrap .rt-popup-navigation-wrap,\r\n\t\t\t\t\t#rt-tpg-container-4002657678 .carousel9 .rt-holder .overlay .post-info{background-color:#0367bf;}#rt-tpg-container-4002657678 .layout5 .rt-holder .overlay, #rt-tpg-container-4002657678 .isotope2 .rt-holder .overlay, #rt-tpg-container-4002657678 .carousel2 .rt-holder .overlay,#rt-tpg-container-4002657678 .layout15 .rt-holder h3, #rt-tpg-container-4002657678 .isotope11 .rt-holder h3, #rt-tpg-container-4002657678 .carousel11 .rt-holder h3, #rt-tpg-container-4002657678 .layout16 .rt-holder h3,\r\n\t\t\t\t\t#rt-tpg-container-4002657678 .isotope12 .rt-holder h3, #rt-tpg-container-4002657678 .carousel12 .rt-holder h3 {background-color:rgba(3,103,191,0.8);}#rt-tpg-container-4002657678 .read-more a{border-radius:px;}#rt-tpg-container-4002657678 .rt-img-holder img.rt-img-responsive,#rt-tpg-container-4002657678 .rt-img-holder,\r\n\t\t\t\t\t#rt-tpg-container-4002657678 .rt-post-overlay .post-img,\r\n\t\t\t\t\t#rt-tpg-container-4002657678 .post-sm .post-img,\r\n\t\t\t\t\t#rt-tpg-container-4002657678 .rt-post-grid .post-img,\r\n\t\t\t\t\t#rt-tpg-container-4002657678 .post-img img {border-radius:px;}<\/style><div class='rt-container-fluid rt-tpg-container tpg-shortcode-main-wrapper ' id='rt-tpg-container-4002657678'   data-layout='layout1' data-grid-style='even' data-desktop-col='4'  data-tab-col='2'  data-mobile-col='1' data-sc-id='39759'><div class=\"tpg-widget-heading-wrapper heading-style1 \"><span class=\"tpg-widget-heading-line line-left\"><\/span><h3 class=\"tpg-widget-heading\">Livres<\/h3><span class=\"tpg-widget-heading-line\"><\/span><\/div><div data-title='Loading ...' class='rt-row rt-content-loader   layout1 tpg-even '><div class=\"rt-col-md-3 rt-col-sm-6 rt-col-xs-12 even-grid-item rt-grid-item\" data-id=\"39751\"><div class=\"rt-holder\"><div class=\"rt-img-holder\"><a data-id=\"39751\" class=\"\" href=\"https:\/\/www.swisslearn.org\/?p=39751\"><img loading=\"lazy\" decoding=\"async\" width=\"1726\" height=\"2560\" src=\"https:\/\/www.swisslearn.org\/wp-content\/uploads\/2026\/04\/cover-imagette-1-scaled.jpg\" class=\"rt-img-responsive \" alt=\"\" \/><\/a><\/div><div class='rt-detail'><h4 class=\"entry-title\"><a data-id=\"39751\" class=\"\" href=\"https:\/\/www.swisslearn.org\/?p=39751\">Physique &#8211; M\u00e9canique, exercices corrig\u00e9s<\/a><\/h4><\/div><\/div><\/div><div class=\"rt-col-md-3 rt-col-sm-6 rt-col-xs-12 even-grid-item rt-grid-item\" data-id=\"39740\"><div class=\"rt-holder\"><div class=\"rt-img-holder\"><a data-id=\"39740\" class=\"\" href=\"https:\/\/www.swisslearn.org\/?p=39740\"><img loading=\"lazy\" decoding=\"async\" width=\"1731\" height=\"2560\" src=\"https:\/\/www.swisslearn.org\/wp-content\/uploads\/2026\/04\/cover-imagette-scaled.jpg\" class=\"rt-img-responsive \" alt=\"\" \/><\/a><\/div><div class='rt-detail'><h4 class=\"entry-title\"><a data-id=\"39740\" class=\"\" href=\"https:\/\/www.swisslearn.org\/?p=39740\">Physique &#8211; Electricit\u00e9, exercices corrig\u00e9s<\/a><\/h4><\/div><\/div><\/div><\/div><\/div>\n","protected":false},"excerpt":{"rendered":"<p>Exercices corrig\u00e9s et comment\u00e9s avec liens vers des cours en ligne Ces ouvrages sont les outils id\u00e9als pour une pr\u00e9paration rapide et efficace des examens de maturit\u00e9 suisse, de bac fran\u00e7ais ou de dipl\u00f4me d&rsquo;\u00e9tudes coll\u00e9giales (DEC) qu\u00e9b\u00e9cois. Voir un exrtait \u00a0 G\u00e9om\u00e9trie Analytique Exercices corrig\u00e9s et comment\u00e9s Examens de Maturit\u00e9 SuisseLa s\u00e9rie \u00ab Exercices [&hellip;]<\/p>\n","protected":false},"author":1,"featured_media":0,"parent":0,"menu_order":0,"comment_status":"closed","ping_status":"closed","template":"","meta":{"_et_pb_use_builder":"off","_et_pb_old_content":"","_et_gb_content_width":"","_monsterinsights_skip_tracking":false,"_monsterinsights_sitenote_active":false,"_monsterinsights_sitenote_note":"","_monsterinsights_sitenote_category":0,"footnotes":""},"class_list":["post-38700","page","type-page","status-publish","hentry"],"blocksy_meta":"","rttpg_featured_image_url":null,"rttpg_author":{"display_name":"Bahram Zaerpour","author_link":"https:\/\/www.swisslearn.org\/?author=1"},"rttpg_comment":0,"rttpg_category":"","rttpg_excerpt":"Exercices corrig\u00e9s et comment\u00e9s avec liens vers des cours en ligne Ces ouvrages sont les outils id\u00e9als pour une pr\u00e9paration rapide et efficace des examens de maturit\u00e9 suisse, de bac fran\u00e7ais ou de dipl\u00f4me d&rsquo;\u00e9tudes coll\u00e9giales (DEC) qu\u00e9b\u00e9cois. Voir un exrtait \u00a0 G\u00e9om\u00e9trie Analytique Exercices corrig\u00e9s et comment\u00e9s Examens de Maturit\u00e9 SuisseLa s\u00e9rie \u00ab Exercices\u2026","_links":{"self":[{"href":"https:\/\/www.swisslearn.org\/index.php?rest_route=\/wp\/v2\/pages\/38700"}],"collection":[{"href":"https:\/\/www.swisslearn.org\/index.php?rest_route=\/wp\/v2\/pages"}],"about":[{"href":"https:\/\/www.swisslearn.org\/index.php?rest_route=\/wp\/v2\/types\/page"}],"author":[{"embeddable":true,"href":"https:\/\/www.swisslearn.org\/index.php?rest_route=\/wp\/v2\/users\/1"}],"replies":[{"embeddable":true,"href":"https:\/\/www.swisslearn.org\/index.php?rest_route=%2Fwp%2Fv2%2Fcomments&post=38700"}],"version-history":[{"count":51,"href":"https:\/\/www.swisslearn.org\/index.php?rest_route=\/wp\/v2\/pages\/38700\/revisions"}],"predecessor-version":[{"id":39762,"href":"https:\/\/www.swisslearn.org\/index.php?rest_route=\/wp\/v2\/pages\/38700\/revisions\/39762"}],"wp:attachment":[{"href":"https:\/\/www.swisslearn.org\/index.php?rest_route=%2Fwp%2Fv2%2Fmedia&parent=38700"}],"curies":[{"name":"wp","href":"https:\/\/api.w.org\/{rel}","templated":true}]}}