{"id":38482,"date":"2023-12-14T10:52:18","date_gmt":"2023-12-14T09:52:18","guid":{"rendered":"https:\/\/www.swisslearn.org\/?page_id=38482"},"modified":"2023-12-14T11:01:36","modified_gmt":"2023-12-14T10:01:36","slug":"analyse-des-fonctions","status":"publish","type":"page","link":"https:\/\/www.swisslearn.org\/?page_id=38482","title":{"rendered":"Analyse des fonctions"},"content":{"rendered":"\n\n\n\n\n<div class=\"wp-block-columns is-layout-flex wp-container-core-columns-is-layout-1 wp-block-columns-is-layout-flex\">\n<div class=\"wp-block-column is-layout-flow wp-block-column-is-layout-flow\" style=\"flex-basis:66.66%\"><div id=\"ld-cg-lq15r9i9i3\" class=\"learndash-course-grid \" data-page=\"1\"  data-post_type=\"sfwd-courses\" data-per_page=\"9\" data-orderby=\"ID\" data-order=\"ASC\" data-taxonomies=\"category:Analyse\" data-enrollment_status=\"\" data-progress_status=\"\" data-thumbnail=\"\" data-thumbnail_size=\"thumbnail\" data-ribbon=\"\" data-video=\"\" data-content=\"1\" data-title=\"1\" data-title_clickable=\"1\" data-description=\"1\" data-description_char_max=\"120\" data-button=\"1\" data-filter=\"\" data-pagination=\"infinite\" data-grid_height_equal=\"\" data-progress_bar=\"\" data-post_meta=\"\" data-skin=\"grid\" data-card=\"grid-1\" data-columns=\"3\" data-min_column_width=\"250\" data-items_per_row=\"3\" data-font_family_title=\"\" data-font_family_description=\"\" data-font_size_title=\"\" data-font_size_description=\"\" data-font_color_title=\"\" data-font_color_description=\"\" data-background_color_title=\"\" data-background_color_description=\"\" data-background_color_ribbon=\"\" data-font_color_ribbon=\"\" data-background_color_icon=\"\" data-font_color_icon=\"\" data-background_color_button=\"\" data-font_color_button=\"\" data-class_name=\"\" data-id=\"ld-cg-lq15r9i9i3\" data-filter_search=\"\" data-filter_taxonomies=\"layout_category\" data-filter_price=\"\" data-filter_price_min=\"0\" data-filter_price_max=\"1000\"><div class=\"items-wrapper grid\">\n            <div class=\"item grid-1\">\n\t<article id=\"post-29001\" class=\"post post-29001 sfwd-courses type-sfwd-courses status-publish has-post-thumbnail hentry category-analyse category-domaine-de-definition ld_course_category-analyse-de-fonctions\">\n\t\t\n\t\t\t\t\t<div class=\"content\">\n                <div class=\"top-meta\">\n                                            <h3 class=\"entry-title\">\n                                                            <a href=\"https:\/\/www.swisslearn.org\/?sfwd-courses=fonctions-domaine-de-definition\">\n                                                            Fonctions : domaine de d\u00e9finition                                                            <\/a>\n                                                    <\/h3>\n                                                                                                <\/div>\n                                \t\t\t<\/div>\n\t\t\t<\/article>\n<\/div>            <div class=\"item grid-1\">\n\t<article id=\"post-29012\" class=\"post post-29012 sfwd-courses type-sfwd-courses status-publish has-post-thumbnail hentry category-analyse\">\n\t\t\n\t\t\t\t\t<div class=\"content\">\n                <div class=\"top-meta\">\n                                            <h3 class=\"entry-title\">\n                                                            <a href=\"https:\/\/www.swisslearn.org\/?sfwd-courses=fonctions-zeros\">\n                                                            Fonctions: z\u00e9ros                                                            <\/a>\n                                                    <\/h3>\n                                                                                                <\/div>\n                                \t\t\t<\/div>\n\t\t\t<\/article>\n<\/div>            <div class=\"item grid-1\">\n\t<article id=\"post-29019\" class=\"post post-29019 sfwd-courses type-sfwd-courses status-publish has-post-thumbnail hentry category-analyse category-limites-et-asymptotes\">\n\t\t\n\t\t\t\t\t<div class=\"content\">\n                <div class=\"top-meta\">\n                                            <h3 class=\"entry-title\">\n                                                            <a href=\"https:\/\/www.swisslearn.org\/?sfwd-courses=fonctions-limites-et-asymptotes\">\n                                                            Fonctions: limites et asymptotes                                                            <\/a>\n                                                    <\/h3>\n                                                                                                <\/div>\n                                \t\t\t<\/div>\n\t\t\t<\/article>\n<\/div>            <div class=\"item grid-1\">\n\t<article id=\"post-29034\" class=\"post post-29034 sfwd-courses type-sfwd-courses status-publish has-post-thumbnail hentry category-analyse category-exponentielles ld_course_category-analyse-de-fonctions\">\n\t\t\n\t\t\t\t\t<div class=\"content\">\n                <div class=\"top-meta\">\n                                            <h3 class=\"entry-title\">\n                                                            <a href=\"https:\/\/www.swisslearn.org\/?sfwd-courses=fonctions-exponentielles\">\n                                                            Fonctions exponentielles                                                            <\/a>\n                                                    <\/h3>\n                                                                                                <\/div>\n                                \t\t\t<\/div>\n\t\t\t<\/article>\n<\/div>            <div class=\"item grid-1\">\n\t<article id=\"post-29046\" class=\"post post-29046 sfwd-courses type-sfwd-courses status-publish has-post-thumbnail hentry category-analyse category-logarithmes ld_course_category-analyse-de-fonctions\">\n\t\t\n\t\t\t\t\t<div class=\"content\">\n                <div class=\"top-meta\">\n                                            <h3 class=\"entry-title\">\n                                                            <a href=\"https:\/\/www.swisslearn.org\/?sfwd-courses=fonctions-logarithmes\">\n                                                            Fonctions logarithmes                                                            <\/a>\n                                                    <\/h3>\n                                                                                                <\/div>\n                                \t\t\t<\/div>\n\t\t\t<\/article>\n<\/div>            <div class=\"item grid-1\">\n\t<article id=\"post-37748\" class=\"post post-37748 sfwd-courses type-sfwd-courses status-publish has-post-thumbnail hentry category-analyse category-derivee ld_course_category-analyse-de-fonctions\">\n\t\t\n\t\t\t\t\t<div class=\"content\">\n                <div class=\"top-meta\">\n                                            <h3 class=\"entry-title\">\n                                                            <a href=\"https:\/\/www.swisslearn.org\/?sfwd-courses=croissance-et-derivee-dune-fonction\">\n                                                            Croissance et d\u00e9riv\u00e9e d&#039;une fonction                                                            <\/a>\n                                                    <\/h3>\n                                                                                                <\/div>\n                                \t\t\t<\/div>\n\t\t\t<\/article>\n<\/div>    <\/div><\/div><\/div>\n\n\n\n<div class=\"wp-block-column has-palette-color-7-background-color has-background is-layout-flow wp-block-column-is-layout-flow\" style=\"border-style:none;border-width:0px;padding-top:0;padding-right:var(--wp--preset--spacing--20);padding-bottom:0;padding-left:var(--wp--preset--spacing--20);flex-basis:33.33%\">        <div class=\"rttpg-block-postgrid rttpg-block-wrapper rttpg-block-d95fc5 tpg-filter-type-dropdown pagination-visibility-show section-title-style-style1 img_hover_animation_default title-default title_position_default title_hover_border_default meta_position_default tpg-is-author-icon-default author-image-visibility-icon tpg-category-position-default readmore-btn-default-style grid-hover-overlay-type-always grid-hover-overlay-height-default hover-overlay-height-default tpg-title-border-default filter-nex-prev-btn-visible tpg-cat-style1 slider-scroll-hide act-label-style-inline\">\r\n            <div class=\"rt-container-fluid rt-tpg-container tpg-el-main-wrapper clearfix list-layout1-main\"\r\n                 id=\"rt-tpg-container-1544309278\"\r\n                 data-layout=\"list-layout1\"\r\n                 data-grid-style=\"tpg-even\" data-sc-id=\"elementor\"\r\n                 data-el-settings=''\r\n                 data-el-query=''\r\n                 data-el-path=''>\r\n\t\t\t\t<div class='tpg-header-wrapper '><\/div>\r\n                <div class=\"rt-row rt-content-loader gutenberg-inner list-layout1 tpg-even list-behaviour list-layout-wrapper\">\r\n\t\t\t\t\t\r\n<div class=\"rt-col-md-12 rt-col-sm-12 rt-col-xs-12 default rt-list-item rt-grid-item\" data-id=\"38694\">\r\n    <div class=\"rt-holder tpg-post-holder\">\r\n        <div class=\"rt-detail rt-el-content-wrapper\">\r\n\t\t\t\r\n            <div class=\"post-right-content\">\r\n\r\n\t\t\t\t<div class=\"entry-title-wrapper\"><h3 class=\"entry-title\"><a data-id=\"38694\" href=\"https:\/\/www.swisslearn.org\/?p=38694\" class=\"tpg-post-link\" target=\"_self\">Analyse des fonctions en un clin d&rsquo;\u0153il<\/a><\/h3><\/div>\r\n\t\t\t\t\r\n\t                                <div class=\"tpg-excerpt tpg-el-excerpt\">\r\n\t\t\t                                        <div class=\"tpg-excerpt-inner\">\r\n\t\t\t\t\t            Vous pouvez acc\u00e9der \u00e0 l&rsquo;ensemble des vid\u00e9os sur l&rsquo;analyse des fonctions en cliquant sur ce lien :&#8230;                            <\/div>\r\n\t\t\t            \t\t\t                                <\/div>\r\n\t            \r\n\t\t\t\t            <\/div>\r\n\r\n        <\/div>\r\n    <\/div>\r\n<\/div>\r\n<div class=\"rt-col-md-12 rt-col-sm-12 rt-col-xs-12 default rt-list-item rt-grid-item\" data-id=\"38026\">\r\n    <div class=\"rt-holder tpg-post-holder\">\r\n        <div class=\"rt-detail rt-el-content-wrapper\">\r\n\t\t\t\r\n            <div class=\"post-right-content\">\r\n\r\n\t\t\t\t<div class=\"entry-title-wrapper\"><h3 class=\"entry-title\"><a data-id=\"38026\" href=\"https:\/\/www.swisslearn.org\/?p=38026\" class=\"tpg-post-link\" target=\"_self\">Fonctions quadratiques<\/a><\/h3><\/div>\r\n\t\t\t\t\r\n\t                                <div class=\"tpg-excerpt tpg-el-excerpt\">\r\n\t\t\t                                        <div class=\"tpg-excerpt-inner\">\r\n\t\t\t\t\t            https:\/\/youtu.be\/O1CPP2u9Fh0?si=dCs-7sQTKUF0VmOG&#8230;                            <\/div>\r\n\t\t\t            \t\t\t                                <\/div>\r\n\t            \r\n\t\t\t\t            <\/div>\r\n\r\n        <\/div>\r\n    <\/div>\r\n<\/div>\r\n<div class=\"rt-col-md-12 rt-col-sm-12 rt-col-xs-12 default rt-list-item rt-grid-item\" data-id=\"38020\">\r\n    <div class=\"rt-holder tpg-post-holder\">\r\n        <div class=\"rt-detail rt-el-content-wrapper\">\r\n\t\t\t\r\n            <div class=\"post-right-content\">\r\n\r\n\t\t\t\t<div class=\"entry-title-wrapper\"><h3 class=\"entry-title\"><a data-id=\"38020\" href=\"https:\/\/www.swisslearn.org\/?p=38020\" class=\"tpg-post-link\" target=\"_self\">Etudier le signe d&rsquo;une fonction<\/a><\/h3><\/div>\r\n\t\t\t\t\r\n\t                                <div class=\"tpg-excerpt tpg-el-excerpt\">\r\n\t\t\t                                        <div class=\"tpg-excerpt-inner\">\r\n\t\t\t\t\t            Comment \u00e9tablir le tableau des signes d&rsquo;une fonction ? Exemple d&rsquo;une fonction de 2e degr\u00e9&#8230;                            <\/div>\r\n\t\t\t            \t\t\t                                <\/div>\r\n\t            \r\n\t\t\t\t            <\/div>\r\n\r\n        <\/div>\r\n    <\/div>\r\n<\/div>\r\n<div class=\"rt-col-md-12 rt-col-sm-12 rt-col-xs-12 default rt-list-item rt-grid-item\" data-id=\"38017\">\r\n    <div class=\"rt-holder tpg-post-holder\">\r\n        <div class=\"rt-detail rt-el-content-wrapper\">\r\n\t\t\t\r\n            <div class=\"post-right-content\">\r\n\r\n\t\t\t\t<div class=\"entry-title-wrapper\"><h3 class=\"entry-title\"><a data-id=\"38017\" href=\"https:\/\/www.swisslearn.org\/?p=38017\" class=\"tpg-post-link\" target=\"_self\">Droite tangente au graphe d\u2019une fonction de pente m\u00a0connue<\/a><\/h3><\/div>\r\n\t\t\t\t\r\n\t                                <div class=\"tpg-excerpt tpg-el-excerpt\">\r\n\t\t\t                                        <div class=\"tpg-excerpt-inner\">\r\n\t\t\t\t\t            Divers probl\u00e8mes en relation avec les droites tangentes au graphe d&rsquo;une fonction.\u00a0&#8230;                            <\/div>\r\n\t\t\t            \t\t\t                                <\/div>\r\n\t            \r\n\t\t\t\t            <\/div>\r\n\r\n        <\/div>\r\n    <\/div>\r\n<\/div>\r\n<div class=\"rt-col-md-12 rt-col-sm-12 rt-col-xs-12 default rt-list-item rt-grid-item\" data-id=\"38014\">\r\n    <div class=\"rt-holder tpg-post-holder\">\r\n        <div class=\"rt-detail rt-el-content-wrapper\">\r\n\t\t\t\r\n            <div class=\"post-right-content\">\r\n\r\n\t\t\t\t<div class=\"entry-title-wrapper\"><h3 class=\"entry-title\"><a data-id=\"38014\" href=\"https:\/\/www.swisslearn.org\/?p=38014\" class=\"tpg-post-link\" target=\"_self\">Etablir le tableau de croissance d&rsquo;une fonction<\/a><\/h3><\/div>\r\n\t\t\t\t\r\n\t                                <div class=\"tpg-excerpt tpg-el-excerpt\">\r\n\t\t\t                                        <div class=\"tpg-excerpt-inner\">\r\n\t\t\t\t\t            Comment \u00e9tablir le tableau de croissance d&rsquo;une fonction ? https:\/\/www.youtube.com\/embed\/suyDNlKHJrg&#8230;                            <\/div>\r\n\t\t\t            \t\t\t                                <\/div>\r\n\t            \r\n\t\t\t\t            <\/div>\r\n\r\n        <\/div>\r\n    <\/div>\r\n<\/div>\r\n<div class=\"rt-col-md-12 rt-col-sm-12 rt-col-xs-12 default rt-list-item rt-grid-item\" data-id=\"38011\">\r\n    <div class=\"rt-holder tpg-post-holder\">\r\n        <div class=\"rt-detail rt-el-content-wrapper\">\r\n\t\t\t\r\n            <div class=\"post-right-content\">\r\n\r\n\t\t\t\t<div class=\"entry-title-wrapper\"><h3 class=\"entry-title\"><a data-id=\"38011\" href=\"https:\/\/www.swisslearn.org\/?p=38011\" class=\"tpg-post-link\" target=\"_self\">Qu&rsquo;est-ce qu&rsquo;une primitive d&rsquo;une fonction ?<\/a><\/h3><\/div>\r\n\t\t\t\t\r\n\t                                <div class=\"tpg-excerpt tpg-el-excerpt\">\r\n\t\t\t                                        <div class=\"tpg-excerpt-inner\">\r\n\t\t\t\t\t            Qu&rsquo;est-ce que une primitibve d&rsquo;une fonction ? https:\/\/www.youtube.com\/embed\/05ikcAFcPZ0&#8230;                            <\/div>\r\n\t\t\t            \t\t\t                                <\/div>\r\n\t            \r\n\t\t\t\t            <\/div>\r\n\r\n        <\/div>\r\n    <\/div>\r\n<\/div>                <\/div>\r\n\r\n\t\t\t\t<div class='rt-pagination-wrap' data-total-pages='3' data-posts-per-page='6' data-type='pagination' ><div class=\"rt-pagination\" ><ul class=\"pagination-list\"><li class=\"active\"><span>1<\/span><\/li><li><a data-paged='2' href='https:\/\/www.swisslearn.org\/index.php?rest_route=%2Fwp%2Fv2%2Fpages%2F38482&#038;paged=2'>2<\/a><\/li><li><a data-paged='3' href='https:\/\/www.swisslearn.org\/index.php?rest_route=%2Fwp%2Fv2%2Fpages%2F38482&#038;paged=3'>3<\/a><\/li><\/ul><\/div><\/div>\r\n            <\/div>\r\n        <\/div>\r\n\t\t<\/div>\n<\/div>\n","protected":false},"excerpt":{"rendered":"","protected":false},"author":1,"featured_media":0,"parent":0,"menu_order":0,"comment_status":"closed","ping_status":"closed","template":"","meta":{"_et_pb_use_builder":"off","_et_pb_old_content":"","_et_gb_content_width":"","_monsterinsights_skip_tracking":false,"_monsterinsights_sitenote_active":false,"_monsterinsights_sitenote_note":"","_monsterinsights_sitenote_category":0,"footnotes":""},"class_list":["post-38482","page","type-page","status-publish","hentry"],"blocksy_meta":{"has_hero_section":"enabled","styles_descriptor":{"styles":{"desktop":"[data-prefix=\"single_page\"] .entry-header .page-title {--fontSize:30px;} [data-prefix=\"single_page\"] .entry-header .entry-meta {--fontWeight:600;--textTransform:uppercase;--fontSize:12px;--lineHeight:1.3;}","tablet":"","mobile":""},"google_fonts":[],"version":5}},"rttpg_featured_image_url":null,"rttpg_author":{"display_name":"Bahram Zaerpour","author_link":"https:\/\/www.swisslearn.org\/?author=1"},"rttpg_comment":0,"rttpg_category":null,"rttpg_excerpt":null,"_links":{"self":[{"href":"https:\/\/www.swisslearn.org\/index.php?rest_route=\/wp\/v2\/pages\/38482"}],"collection":[{"href":"https:\/\/www.swisslearn.org\/index.php?rest_route=\/wp\/v2\/pages"}],"about":[{"href":"https:\/\/www.swisslearn.org\/index.php?rest_route=\/wp\/v2\/types\/page"}],"author":[{"embeddable":true,"href":"https:\/\/www.swisslearn.org\/index.php?rest_route=\/wp\/v2\/users\/1"}],"replies":[{"embeddable":true,"href":"https:\/\/www.swisslearn.org\/index.php?rest_route=%2Fwp%2Fv2%2Fcomments&post=38482"}],"version-history":[{"count":4,"href":"https:\/\/www.swisslearn.org\/index.php?rest_route=\/wp\/v2\/pages\/38482\/revisions"}],"predecessor-version":[{"id":38495,"href":"https:\/\/www.swisslearn.org\/index.php?rest_route=\/wp\/v2\/pages\/38482\/revisions\/38495"}],"wp:attachment":[{"href":"https:\/\/www.swisslearn.org\/index.php?rest_route=%2Fwp%2Fv2%2Fmedia&parent=38482"}],"curies":[{"name":"wp","href":"https:\/\/api.w.org\/{rel}","templated":true}]}}